{"id":1303,"date":"2022-07-20T00:43:55","date_gmt":"2022-07-19T21:43:55","guid":{"rendered":"https:\/\/www.hanstahl.com\/?page_id=1303"},"modified":"2024-12-16T12:47:11","modified_gmt":"2024-12-16T09:47:11","slug":"project","status":"publish","type":"page","link":"https:\/\/www.hanstahl.com\/de\/project\/","title":{"rendered":"Project"},"content":{"rendered":"\n<pre id=\"tw-target-text\" class=\"wp-block-preformatted\"><strong>Ingenieurdienstleistungen und Fertigung schl\u00fcsselfertiger Projekte.\nAutomatisierung, Schwei\u00dffertigung.\nBeratung zur Bearbeitung aller Stahlsorten und Nichteisenmetalle.\nDesign und Einzelproduktkonzepte.\nPr\u00e4zisionsdreh- und -fr\u00e4steile.<\/strong><\/pre>\n","protected":false},"excerpt":{"rendered":"<p>Ingenieurdienstleistungen und Fertigung schl\u00fcsselfertiger Projekte. Automatisierung, Schwei\u00dffertigung. Beratung zur Bearbeitung aller Stahlsorten und Nichteisenmetalle. Design und Einzelproduktkonzepte. Pr\u00e4zisionsdreh- und -fr\u00e4steile.<\/p>\n","protected":false},"author":2,"featured_media":0,"parent":0,"menu_order":0,"comment_status":"closed","ping_status":"closed","template":"","meta":[],"_links":{"self":[{"href":"https:\/\/www.hanstahl.com\/de\/wp-json\/wp\/v2\/pages\/1303"}],"collection":[{"href":"https:\/\/www.hanstahl.com\/de\/wp-json\/wp\/v2\/pages"}],"about":[{"href":"https:\/\/www.hanstahl.com\/de\/wp-json\/wp\/v2\/types\/page"}],"author":[{"embeddable":true,"href":"https:\/\/www.hanstahl.com\/de\/wp-json\/wp\/v2\/users\/2"}],"replies":[{"embeddable":true,"href":"https:\/\/www.hanstahl.com\/de\/wp-json\/wp\/v2\/comments?post=1303"}],"version-history":[{"count":2,"href":"https:\/\/www.hanstahl.com\/de\/wp-json\/wp\/v2\/pages\/1303\/revisions"}],"predecessor-version":[{"id":1998,"href":"https:\/\/www.hanstahl.com\/de\/wp-json\/wp\/v2\/pages\/1303\/revisions\/1998"}],"wp:attachment":[{"href":"https:\/\/www.hanstahl.com\/de\/wp-json\/wp\/v2\/media?parent=1303"}],"curies":[{"name":"wp","href":"https:\/\/api.w.org\/{rel}","templated":true}]}}