{"id":527,"date":"2021-05-13T12:05:23","date_gmt":"2021-05-13T12:05:23","guid":{"rendered":"https:\/\/www.hanstahl.com\/?page_id=527"},"modified":"2025-09-18T12:26:15","modified_gmt":"2025-09-18T09:26:15","slug":"kontaktiere-uns","status":"publish","type":"page","link":"https:\/\/www.hanstahl.com\/de\/kontaktiere-uns\/","title":{"rendered":"Kontaktiere uns"},"content":{"rendered":"<section class=\"l-section wpb_row height_auto width_full\"><div class=\"l-section-h i-cf\"><div class=\"g-cols vc_row type_default valign_top\"><div class=\"vc_col-sm-12 wpb_column vc_column_container\"><div class=\"vc_column-inner\"><div class=\"wpb_wrapper\"><\/div><\/div><\/div><\/div><\/div><\/section><section class=\"l-section wpb_row height_auto\"><div class=\"l-section-h i-cf\"><div class=\"g-cols vc_row type_default valign_top\"><div class=\"vc_col-sm-12 wpb_column vc_column_container\"><div class=\"vc_column-inner\"><div class=\"wpb_wrapper\"><ol class=\"g-breadcrumbs separator_icon align_left\" itemscope itemtype=\"http:\/\/schema.org\/BreadcrumbList\"><li class=\"g-breadcrumbs-item\" itemprop=\"itemListElement\" itemscope itemtype=\"http:\/\/schema.org\/ListItem\"><a itemprop=\"item\" href=\"https:\/\/www.hanstahl.com\/de\/\"><span itemprop=\"name\">Startseite<\/span><\/a><meta itemprop=\"position\" content=\"1\"\/><\/li><li class=\"g-breadcrumbs-separator\"><i class=\"far fa-angle-right\"><\/i><\/li><li class=\"g-breadcrumbs-item\">Seiten<\/li><\/ol><\/div><\/div><\/div><\/div><\/div><\/section><section class=\"l-section wpb_row height_small\"><div class=\"l-section-h i-cf\"><div class=\"g-cols vc_row type_default valign_top gap-10px\"><style>.g-cols.gap-10px{margin:0 calc(-1.5rem - 10px)}.gap-10px > .vc_column_container {padding:10px}<\/style><div class=\"vc_col-sm-6 wpb_column vc_column_container\"><div class=\"vc_column-inner\"><div class=\"wpb_wrapper\"><div class=\"wpb_text_column\" ><div class=\"wpb_wrapper\"><h1>Kontaktiere uns<\/h1>\n<p>Gibt es etwas, das Sie fragen m\u00f6chten?<br \/>\nSie k\u00f6nnen unser Kontaktformular verwenden.<br \/>\nIhre Nachricht wird so schnell wie m\u00f6glich beantwortet.<\/p>\n<\/div><\/div><div class=\"w-separator size_small\"><\/div><div class=\"w-iconbox iconpos_left style_default color_primary align_left\"><div class=\"w-iconbox-icon\" style=\"font-size:1rem;\"><i class=\"far fa-map-marker-alt\"><\/i><\/div><div class=\"w-iconbox-meta\"><h5 class=\"w-iconbox-title\">T\u00fcrkiye B\u00fcro<\/h5><div class=\"w-iconbox-text\"><p>16110 Nil\u00fcfer\/Bursa &#8211; T\u00dcRKEI<\/p>\n<\/div><\/div><\/div><div class=\"w-iconbox iconpos_left style_default color_primary align_left\"><div class=\"w-iconbox-icon\" style=\"font-size:1rem;\"><i class=\"far fa-phone\"><\/i><\/div><div class=\"w-iconbox-meta\"><h5 class=\"w-iconbox-title\">Telefon<\/h5><div class=\"w-iconbox-text\"><p><a href=\"&#x74;&#x65;&#x6c;&#058;&#043;90&#x20;&#x35;&#x33;&#x30;&#032;&#051;29&#x20;&#x33;&#x34;&#032;&#050;&#054;\">&#43;9&#x30; &#x35;3&#x30;&#32;&#x33;&#50;&#x39;&#32;3&#x34; &#x32;6<\/a> (WhatsApp)<\/p>\n<\/div><\/div><\/div><div class=\"w-iconbox iconpos_left style_default color_primary align_left\"><div class=\"w-iconbox-icon\" style=\"font-size:1rem;\"><i class=\"fal fa-phone-alt\"><\/i><\/div><div class=\"w-iconbox-meta\"><h5 class=\"w-iconbox-title\">USA Office<\/h5><div class=\"w-iconbox-text\"><p><img decoding=\"async\" loading=\"lazy\" class=\"size-full wp-image-1093\" src=\"https:\/\/www.hanstahl.com\/wp-content\/uploads\/2022\/06\/usa-flag.jpg\" alt=\"\" width=\"50\" height=\"26\" \/> <a href=\"&#x74;&#101;&#x6c;&#058;+&#x31;&#040;7&#x31;&#056;&#x29;&#x20;6&#x37;&#052; &#x34;&#054;&#x30;&#x39; \">&#43;&#x31;&#x28;7&#49;&#x38;)&#32;&#x36;7&#52;&#x20;4&#54;&#x30;&#x39;&#32;<\/a><\/p>\n<\/div><\/div><\/div><div class=\"w-iconbox iconpos_left style_default color_primary align_left\"><div class=\"w-iconbox-icon\" style=\"font-size:1rem;\"><i class=\"far fa-envelope\"><\/i><\/div><div class=\"w-iconbox-meta\"><h5 class=\"w-iconbox-title\">E-mail<\/h5><div class=\"w-iconbox-text\"><p><a href=\"&#x6d;&#x61;&#x69;&#x6c;&#x74;&#x6f;&#x3a;&#x69;&#x6e;&#x66;&#x6f;&#x40;&#x68;&#x61;&#110;&#115;&#116;&#097;&#104;&#108;&#046;&#099;&#111;&#109;\">&#x69;n&#x66;&#111;&#64;&#x68;&#97;&#x6e;&#115;t&#x61;&#104;&#x6c;&#46;c&#x6f;&#109;<\/a><\/p>\n<\/div><\/div><\/div><div class=\"w-separator size_custom with_line width_default thick_1 style_solid color_border align_center\" style=\"height:2rem\"><div class=\"w-separator-h\"><\/div><\/div><div class=\"wpb_text_column\" ><div class=\"wpb_wrapper\"><p><strong>Arbeitszeit<\/strong><strong>\u00a0(GMT+3)<\/strong><br \/>\nMontag \u2013 Freitag<br \/>\n09:00 \u2013 17:00 Uhr<\/p>\n<\/div><\/div><div class=\"w-separator size_small\"><\/div><div class=\"g-cols wpb_row  us_custom_9c8713ca type_default valign_top vc_inner footer-sosyal-icon\"><div class=\"vc_col-sm-3 wpb_column vc_column_container\"><div class=\"vc_column-inner us_custom_4af741be\"><div class=\"wpb_wrapper\"><div class=\"w-image us_custom_1ba6a17a align_none\"><a target=\"_blank\" href=\"https:\/\/www.linkedin.com\/company\/hanstahl-machinery\/\" rel=\"noopener\" aria-label=\"Link\" class=\"w-image-h\"><img width=\"100\" height=\"100\" src=\"https:\/\/www.hanstahl.com\/wp-content\/uploads\/2022\/06\/linkedin-ikon.png\" class=\"attachment-full size-full\" alt=\"\" decoding=\"async\" loading=\"lazy\" \/><\/a><\/div><\/div><\/div><\/div><div class=\"vc_col-sm-3 wpb_column vc_column_container\"><div class=\"vc_column-inner us_custom_4af741be\"><div class=\"wpb_wrapper\"><div class=\"w-image us_custom_1ba6a17a align_none\"><a target=\"_blank\" href=\"#\" rel=\"noopener\" aria-label=\"Link\" class=\"w-image-h\"><img width=\"104\" height=\"103\" src=\"https:\/\/www.hanstahl.com\/wp-content\/uploads\/2022\/06\/instagram-ikon.png\" class=\"attachment-full size-full\" alt=\"\" decoding=\"async\" loading=\"lazy\" \/><\/a><\/div><\/div><\/div><\/div><div class=\"vc_col-sm-3 wpb_column vc_column_container\"><div class=\"vc_column-inner us_custom_4af741be\"><div class=\"wpb_wrapper\"><div class=\"w-image us_custom_1ba6a17a align_none\"><a target=\"_blank\" href=\"#\" rel=\"noopener\" aria-label=\"Link\" class=\"w-image-h\"><img width=\"104\" height=\"103\" src=\"https:\/\/www.hanstahl.com\/wp-content\/uploads\/2022\/06\/facebook-ikon.png\" class=\"attachment-full size-full\" alt=\"\" decoding=\"async\" loading=\"lazy\" \/><\/a><\/div><\/div><\/div><\/div><div class=\"vc_col-sm-3 wpb_column vc_column_container\"><div class=\"vc_column-inner us_custom_4af741be\"><div class=\"wpb_wrapper\"><div class=\"w-image us_custom_a243dc9e align_none\"><a target=\"_blank\" href=\"https:\/\/www.youtube.com\/channel\/UClWwbC5W8iWD5I40q7M8qlQ\" rel=\"noopener\" aria-label=\"Link\" class=\"w-image-h\"><img width=\"141\" height=\"100\" src=\"https:\/\/www.hanstahl.com\/wp-content\/uploads\/2022\/06\/youtube-ikon.png\" class=\"attachment-full size-full\" alt=\"\" decoding=\"async\" loading=\"lazy\" \/><\/a><\/div><\/div><\/div><\/div><\/div><\/div><\/div><\/div><div class=\"vc_col-sm-6 wpb_column vc_column_container\"><div class=\"vc_column-inner\"><div class=\"wpb_wrapper\"><div class=\"w-separator size_small\"><\/div><form class=\"w-form  layout_ver for_cform us_form_1\" autocomplete=\"off\" action=\"https:\/\/www.hanstahl.com\/de\/wp-json\/wp\/v2\/pages\/527\" method=\"post\"><div class=\"w-form-h\"><div class=\"w-form-row for_text required with_icon\">\n\t\t<div class=\"w-form-row-field\">\n\t\t\t\t<i class=\"far fa-user\"><\/i>\t\t<input aria-label=\"Name\" type=\"text\" name=\"us_form_1_text_1\" value placeholder=\"Name *\" data-required=\"true\" aria-required=\"true\"\/>\n\t\t\t<\/div>\n\t\t<div class=\"w-form-row-state\">Bitte f\u00fcllen Sie dieses Feld aus.<\/div>\n<\/div>\n<div class=\"w-form-row for_text required with_icon\">\n\t\t<div class=\"w-form-row-field\">\n\t\t\t\t<i class=\"far fa-envelope\"><\/i>\t\t<input aria-label=\"E-mail\" type=\"text\" name=\"us_form_1_text_2\" value placeholder=\"E-mail *\" data-required=\"true\" aria-required=\"true\"\/>\n\t\t\t<\/div>\n\t\t<div class=\"w-form-row-state\">Bitte f\u00fcllen Sie dieses Feld aus.<\/div>\n<\/div>\n<div class=\"w-form-row for_text with_icon\">\n\t\t<div class=\"w-form-row-field\">\n\t\t\t\t<i class=\"far fa-phone\"><\/i>\t\t<input aria-label=\"Telefon\" inputmode=\"tel\" type=\"text\" name=\"us_form_1_text_3\" value placeholder=\"Telefon\"\/>\n\t\t\t<\/div>\n\t\t<div class=\"w-form-row-state\">Bitte f\u00fcllen Sie dieses Feld aus.<\/div>\n<\/div>\n<div class=\"w-form-row for_textarea required with_icon\">\n\t\t<div class=\"w-form-row-field\">\n\t\t\t\t<i class=\"far fa-pencil\"><\/i>\t\t<textarea aria-label=\"Meldung\" name=\"us_form_1_textarea_1\" placeholder=\"Meldung *\" data-required=\"true\" aria-required=\"true\"><\/textarea>\n\t\t\t<\/div>\n\t\t<div class=\"w-form-row-state\">Bitte f\u00fcllen Sie dieses Feld aus.<\/div>\n<\/div>\n<div class=\"w-form-row for_captcha has_label required with_icon\">\n\t<div class=\"w-form-row-label\">\n\t\t<span>Captcha: <span>16 - 12 = ?<\/span><\/span>\n\t<\/div>\n\t<div class=\"w-form-row-field\">\n\t\t\t\t<input type=\"hidden\" name=\"us_form_1_captcha_1_hash\" value=\"54160ff10f0d49a4b527d003c3d6058b\" \/>\n\t\t<i class=\"fal fa-question-circle\"><\/i>\t\t<input aria-label=\"Captcha:\" type=\"text\" name=\"us_form_1_captcha_1\" placeholder data-required=\"true\" aria-required=\"true\"\/>\n\t\t\t<\/div>\n\t\t\t<div class=\"w-form-row-description\">\n\t\t\tKlicken Sie auf \"Ich bin kein Roboter\", um fortzufahren\t\t<\/div>\n\t\t<div class=\"w-form-row-state\">Bitte geben Sie das Ergebnis ein, um fortzufahren<\/div>\n<\/div>\n<div class=\"w-form-row for_agreement required\">\n\t\t\t<div class=\"w-form-row-label\">\n\t\t\t<span>Datenschutz-Bestimmungen <span class=\"required\">*<\/span><\/span>\n\t\t<\/div>\n\t\t<div class=\"w-form-row-field\">\n\t\t\t\t<label>\n\t\t\t<input type=\"checkbox\" class=\"screen-reader-text\" value=\"1\" data-required=\"true\" aria-required=\"true\" name=\"us_form_1_agreement_1\"\/>\n\t\t\t<span class=\"w-form-checkbox\"><\/span>\n\t\t\t<span>Ich akzeptiere die Datenschutzbestimmungen.<\/span>\n\t\t<\/label>\n\t\t\t<\/div>\n\t\t<div class=\"w-form-row-state\">Sie m\u00fcssen den Bedingungen zustimmen, um fortzufahren.<\/div>\n<\/div><input type=\"hidden\" name=\"action\" value=\"us_ajax_cform\" \/><input type=\"hidden\" name=\"post_id\" value \/><input type=\"hidden\" name=\"form_index\" value=\"1\" \/><div class=\"w-form-row for_submit align_default\">\n\t<div class=\"w-form-row-field\">\n\t\t\t\t<button class=\"w-btn  us-btn-style_1\" aria-label=\"Senden\" type=\"submit\">\n\t\t\t<span class=\"g-preloader type_1\"><\/span>\n\t\t\t\t\t\t<span class=\"w-btn-label\">Senden<\/span>\n\t\t\t\t\t<\/button>\n\t<\/div>\n<\/div><\/div><div class=\"w-form-message\"><\/div><div class=\"w-form-json hidden\" onclick='return {&quot;ajaxurl&quot;:&quot;https:\\\/\\\/www.hanstahl.com\\\/wp-admin\\\/admin-ajax.php&quot;}'><\/div><\/form><\/div><\/div><\/div><\/div><\/div><\/section>\n","protected":false},"excerpt":{"rendered":"StartseiteSeitenKontaktiere uns Gibt es etwas, das Sie fragen m\u00f6chten? Sie k\u00f6nnen unser Kontaktformular verwenden. Ihre Nachricht wird so schnell wie m\u00f6glich beantwortet. T\u00fcrkiye B\u00fcro16110 Nil\u00fcfer\/Bursa - T\u00dcRKEI Telefon+&#57;&#x30;&#x20;5&#51;&#48;&#x20;&#x33;2&#57;&#32;&#x33;&#x34; &#50;&#x36; (WhatsApp) USA Office &#x2b;&#49;&#x28;&#x37;&#49;&#x38;&#41; &#x36;&#55;4&#x20;&#52;6&#x30;&#57; E-mail&#105;&#x6e;f&#111;&#x40;h&#97;&#x6e;s&#116;&#x61;h&#108;&#x2e;c&#111;&#x6d; Arbeitszeit\u00a0(GMT+3) Montag \u2013 Freitag 09:00 \u2013 17:00 Uhr Bitte f\u00fcllen Sie dieses Feld aus. Bitte f\u00fcllen Sie dieses Feld aus....","protected":false},"author":1,"featured_media":0,"parent":0,"menu_order":0,"comment_status":"closed","ping_status":"closed","template":"","meta":[],"_links":{"self":[{"href":"https:\/\/www.hanstahl.com\/de\/wp-json\/wp\/v2\/pages\/527"}],"collection":[{"href":"https:\/\/www.hanstahl.com\/de\/wp-json\/wp\/v2\/pages"}],"about":[{"href":"https:\/\/www.hanstahl.com\/de\/wp-json\/wp\/v2\/types\/page"}],"author":[{"embeddable":true,"href":"https:\/\/www.hanstahl.com\/de\/wp-json\/wp\/v2\/users\/1"}],"replies":[{"embeddable":true,"href":"https:\/\/www.hanstahl.com\/de\/wp-json\/wp\/v2\/comments?post=527"}],"version-history":[{"count":6,"href":"https:\/\/www.hanstahl.com\/de\/wp-json\/wp\/v2\/pages\/527\/revisions"}],"predecessor-version":[{"id":2015,"href":"https:\/\/www.hanstahl.com\/de\/wp-json\/wp\/v2\/pages\/527\/revisions\/2015"}],"wp:attachment":[{"href":"https:\/\/www.hanstahl.com\/de\/wp-json\/wp\/v2\/media?parent=527"}],"curies":[{"name":"wp","href":"https:\/\/api.w.org\/{rel}","templated":true}]}}