{"id":632,"date":"2021-05-14T11:52:33","date_gmt":"2021-05-14T11:52:33","guid":{"rendered":"https:\/\/www.hanstahl.com\/?page_id=632"},"modified":"2021-05-14T11:52:34","modified_gmt":"2021-05-14T11:52:34","slug":"rohrkerbmaschinen","status":"publish","type":"page","link":"https:\/\/www.hanstahl.com\/de\/rohrkerbmaschinen\/","title":{"rendered":"Rohrkerbmaschinen"},"content":{"rendered":"<section class=\"l-section wpb_row height_medium\"><div class=\"l-section-h i-cf\"><div class=\"g-cols vc_row type_default valign_top\"><div class=\"vc_col-sm-12 wpb_column vc_column_container\"><div class=\"vc_column-inner\"><div class=\"wpb_wrapper\"><div class=\"w-grid type_grid layout_portfolio_2 cols_3 ratio_1x1\" id=\"us_grid_1\" data-filterable=\"true\"><style id=\"us_grid_1_css\">#us_grid_1 .w-grid-item{padding:1.5rem}#us_grid_1 .w-grid-list{margin:-1.5rem -1.5rem 1.5rem}.w-grid + #us_grid_1 .w-grid-list{margin-top:1.5rem}@media (max-width:899px){#us_grid_1 .w-grid-item{width:50.0000%}}@media (max-width:599px){#us_grid_1 .w-grid-list{margin:0}#us_grid_1 .w-grid-item{width:100.0000%;padding:0;margin-bottom:1.5rem}}<\/style><style>.layout_portfolio_2 .w-grid-item-h:before{padding-bottom:100.0000%}.layout_portfolio_2 .w-grid-item-h{background:#333}.layout_portfolio_2 .usg_post_image_1{transition-duration:0.35s;transform-origin:50% 50%;transform:scale(1) translate(0,0)}.layout_portfolio_2 .w-grid-item-h:hover .usg_post_image_1{transform:scale(1.1) translate(0,0);opacity:0.1}.layout_portfolio_2 .usg_post_image_1{position:absolute!important;top:0!important;right:0!important;bottom:0!important;left:0!important}.layout_portfolio_2 .usg_vwrapper_1{position:absolute!important;right:0!important;bottom:0!important;left:0!important;background:linear-gradient(transparent,rgba(30,30,30,0.8))!important;padding:4rem 2rem 1.5rem 2rem!important}.layout_portfolio_2 .usg_post_title_1{color:#fff!important;font-size:1.2rem!important}.layout_portfolio_2 .usg_post_taxonomy_1{color:#fff!important;font-size:0.9rem!important}<\/style><div class=\"w-grid-list\" >\t<article class=\"w-grid-item post-568 us_portfolio type-us_portfolio status-publish has-post-thumbnail hentry\" data-id=\"568\">\n\t\t<div class=\"w-grid-item-h\">\n\t\t\t\t\t\t\t<a class=\"w-grid-item-anchor\" href=\"https:\/\/www.hanstahl.com\/de\/product\/n76\/\" rel=\"bookmark\" aria-label=\"N76\"><\/a>\n\t\t\t\t\t\t<div class=\"w-post-elm post_image usg_post_image_1 stretched\"><img width=\"800\" height=\"600\" src=\"https:\/\/www.hanstahl.com\/wp-content\/uploads\/2021\/05\/N76.png\" class=\"attachment-large size-large wp-post-image\" alt=\"\" decoding=\"async\" loading=\"lazy\" srcset=\"https:\/\/www.hanstahl.com\/wp-content\/uploads\/2021\/05\/N76.png 800w, https:\/\/www.hanstahl.com\/wp-content\/uploads\/2021\/05\/N76-768x576.png 768w\" sizes=\"(max-width: 800px) 100vw, 800px\" \/><\/div><div class=\"w-vwrapper usg_vwrapper_1 align_left valign_top\"><h2 class=\"w-post-elm post_title usg_post_title_1 entry-title color_link_inherit has_text_color\">N76<\/h2><\/div>\t\t<\/div>\n\t<\/article>\n\t<article class=\"w-grid-item post-556 us_portfolio type-us_portfolio status-publish has-post-thumbnail hentry us_portfolio_category-rohrkerbmaschinen-kategorie\" data-id=\"556\">\n\t\t<div class=\"w-grid-item-h\">\n\t\t\t\t\t\t\t<a class=\"w-grid-item-anchor\" href=\"https:\/\/www.hanstahl.com\/de\/product\/n90\/\" rel=\"bookmark\" aria-label=\"N90\"><\/a>\n\t\t\t\t\t\t<div class=\"w-post-elm post_image usg_post_image_1 stretched\"><img width=\"800\" height=\"600\" src=\"https:\/\/www.hanstahl.com\/wp-content\/uploads\/2021\/05\/N90.png\" class=\"attachment-large size-large wp-post-image\" alt=\"\" decoding=\"async\" loading=\"lazy\" srcset=\"https:\/\/www.hanstahl.com\/wp-content\/uploads\/2021\/05\/N90.png 800w, https:\/\/www.hanstahl.com\/wp-content\/uploads\/2021\/05\/N90-768x576.png 768w\" sizes=\"(max-width: 800px) 100vw, 800px\" \/><\/div><div class=\"w-vwrapper usg_vwrapper_1 align_left valign_top\"><h2 class=\"w-post-elm post_title usg_post_title_1 entry-title color_link_inherit has_text_color\">N90<\/h2><div class=\"w-post-elm post_taxonomy usg_post_taxonomy_1 style_simple color_link_inherit has_text_color\"><a href=\"https:\/\/www.hanstahl.com\/de\/product-category\/rohrkerbmaschinen-kategorie\/\">Rohrkerbmaschinen<\/a>, <a href=\"https:\/\/www.hanstahl.com\/de\/product-category\/rohrkerbmaschinen-kategorie\/\">Rohrkerbmaschinen<\/a><\/div><\/div>\t\t<\/div>\n\t<\/article>\n<\/div><div class=\"w-grid-preloader\"><div class=\"g-preloader type_1\">\n\t<div><\/div>\n<\/div>\n<\/div>\t<div class=\"w-grid-json hidden\" onclick='return {&quot;action&quot;:&quot;us_ajax_grid&quot;,&quot;ajax_url&quot;:&quot;https:\\\/\\\/www.hanstahl.com\\\/wp-admin\\\/admin-ajax.php&quot;,&quot;infinite_scroll&quot;:0,&quot;max_num_pages&quot;:1,&quot;pagination&quot;:&quot;ajax&quot;,&quot;permalink_url&quot;:&quot;https:\\\/\\\/www.hanstahl.com\\\/de\\\/wp-json\\\/wp\\\/v2\\\/pages\\\/632\\\/&quot;,&quot;template_vars&quot;:{&quot;columns&quot;:&quot;3&quot;,&quot;exclude_items&quot;:&quot;none&quot;,&quot;img_size&quot;:&quot;default&quot;,&quot;ignore_items_size&quot;:&quot;1&quot;,&quot;items_layout&quot;:&quot;portfolio_2&quot;,&quot;items_offset&quot;:&quot;1&quot;,&quot;load_animation&quot;:&quot;none&quot;,&quot;overriding_link&quot;:&quot;post&quot;,&quot;post_id&quot;:632,&quot;query_args&quot;:{&quot;post_type&quot;:[&quot;us_portfolio&quot;],&quot;tax_query&quot;:[{&quot;taxonomy&quot;:&quot;us_portfolio_category&quot;,&quot;field&quot;:&quot;slug&quot;,&quot;terms&quot;:[&quot;rohrkerbmaschinen-kategorie&quot;]}],&quot;post_status&quot;:[&quot;publish&quot;],&quot;posts_per_page&quot;:&quot;99&quot;},&quot;orderby_query_args&quot;:{&quot;orderby&quot;:{&quot;menu_order&quot;:&quot;ASC&quot;},&quot;order&quot;:&quot;ASC&quot;},&quot;type&quot;:&quot;grid&quot;,&quot;us_grid_ajax_index&quot;:1,&quot;us_grid_filter_params&quot;:null,&quot;us_grid_index&quot;:1,&quot;_us_grid_post_type&quot;:&quot;us_portfolio&quot;,&quot;lang&quot;:&quot;de&quot;}}'><\/div>\n\t<\/div><\/div><\/div><\/div><\/div><\/div><\/section>\n","protected":false},"excerpt":{"rendered":"ProductsN90Pipe and Tube Notching MachinesSpecificationsTechnical TableAccessoriesGalleryVideoE-CatalogueSpecificationsStandard Merkmale Laden Sie die M\u00f6glichkeit, passende Schwalbenschw\u00e4nze entsprechend den Rohr- und Schlauchdurchmessern mit Hilfe der Bearbeitungstrommel leicht zu \u00f6ffnen F\u00e4higkeit zum schnellen Anziehen und L\u00f6sen der Teile als Ergebnis der beweglichen Klemme F\u00e4higkeit der Klemme, sich seitw\u00e4rts nach rechts und links zu bewegen Mit beweglicher Klemme, Einkerbung bis zu...","protected":false},"author":1,"featured_media":0,"parent":0,"menu_order":0,"comment_status":"closed","ping_status":"closed","template":"","meta":[],"_links":{"self":[{"href":"https:\/\/www.hanstahl.com\/de\/wp-json\/wp\/v2\/pages\/632"}],"collection":[{"href":"https:\/\/www.hanstahl.com\/de\/wp-json\/wp\/v2\/pages"}],"about":[{"href":"https:\/\/www.hanstahl.com\/de\/wp-json\/wp\/v2\/types\/page"}],"author":[{"embeddable":true,"href":"https:\/\/www.hanstahl.com\/de\/wp-json\/wp\/v2\/users\/1"}],"replies":[{"embeddable":true,"href":"https:\/\/www.hanstahl.com\/de\/wp-json\/wp\/v2\/comments?post=632"}],"version-history":[{"count":0,"href":"https:\/\/www.hanstahl.com\/de\/wp-json\/wp\/v2\/pages\/632\/revisions"}],"wp:attachment":[{"href":"https:\/\/www.hanstahl.com\/de\/wp-json\/wp\/v2\/media?parent=632"}],"curies":[{"name":"wp","href":"https:\/\/api.w.org\/{rel}","templated":true}]}}